{"id":2113,"date":"2017-03-22T11:03:24","date_gmt":"2017-03-22T11:03:24","guid":{"rendered":"http:\/\/chicagosteakhouse.de\/?page_id=2113"},"modified":"2025-10-27T11:23:04","modified_gmt":"2025-10-27T11:23:04","slug":"impressum","status":"publish","type":"page","link":"https:\/\/chicagosteakhouse.de\/?page_id=2113","title":{"rendered":"Impressum \/ Datenschutz"},"content":{"rendered":"<p><strong>Impressum<\/strong><\/p>\n<p><strong>Angaben gem\u00e4\u00df \u00a7 5 TMG<\/strong><\/p>\n<p><strong>Dede Kebab &amp; Steak (Chicago Steak House)<\/strong><br \/>\nbetrieben durch die<br \/>\n<strong>Gastrokult GmbH<\/strong><br \/>\nBayreuther Stra\u00dfe 35<br \/>\n10789 Berlin<br \/>\nDeutschland<\/p>\n<p>&#x1f4de; <strong>Telefon:<\/strong> 030 4366 2421<br \/>\n&#x1f4e0; <strong>Telefax:<\/strong> 030 4366 2581<br \/>\n&#x2709;&#xfe0f; <strong>E-Mail:<\/strong> info@gastrokult.de<\/p>\n<p><strong>Vertreten durch:<\/strong><br \/>\nTamer Akkilic, Gesch\u00e4ftsf\u00fchrer<\/p>\n<p><strong>Registereintrag:<\/strong><br \/>\nEingetragen im Handelsregister.<br \/>\nRegistergericht: Amtsgericht Berlin-Charlottenburg<br \/>\nHandelsregisternummer: HRB 96771 B<\/p>\n<p><strong>Umsatzsteuer-Identifikationsnummer gem\u00e4\u00df \u00a7 27 a Umsatzsteuergesetz:<\/strong><br \/>\nDE 240700322<\/p>\n<p><strong>Verantwortlich f\u00fcr den Inhalt nach \u00a7 55 Abs. 2 RStV:<\/strong><br \/>\nTamer Akkilic<br \/>\n(Bayreuther Stra\u00dfe 35, 10789 Berlin)<\/p>\n<p><strong>&#x2696;&#xfe0f;<\/strong><strong> Online-Streitbeilegung gem\u00e4\u00df Art. 14 Abs. 1 ODR-VO<\/strong><\/p>\n<p>Die Europ\u00e4ische Kommission stellt eine Plattform zur Online-Streitbeilegung (OS) bereit:<br \/>\n&#x1f449; https:\/\/ec.europa.eu\/consumers\/odr<br \/>\nUnsere E-Mail-Adresse finden Sie oben im Impressum.<\/p>\n<p><strong>&#x26a0;&#xfe0f;<\/strong><strong> Haftungsausschluss<\/strong><\/p>\n<p>Trotz sorgf\u00e4ltiger inhaltlicher Kontrolle \u00fcbernehmen wir keine Haftung f\u00fcr die Inhalte externer Links.<br \/>\nF\u00fcr den Inhalt der verlinkten Seiten sind ausschlie\u00dflich deren Betreiber verantwortlich.<br \/>\nAlle Informationen auf dieser Website wurden mit gr\u00f6\u00dfter Sorgfalt erstellt; dennoch \u00fcbernehmen wir keine Gew\u00e4hr f\u00fcr die Richtigkeit, Vollst\u00e4ndigkeit oder Aktualit\u00e4t der Inhalte.<\/p>\n<p><strong>&#x1f510;<\/strong><strong> Datenschutzerkl\u00e4rung<\/strong><\/p>\n<ol>\n<li><strong> Verantwortlicher<\/strong><\/li>\n<\/ol>\n<p>Verantwortlich im Sinne der Datenschutz-Grundverordnung (DSGVO) ist:<\/p>\n<p><strong>Gastrokult GmbH<\/strong><br \/>\nBayreuther Stra\u00dfe 35<br \/>\n10789 Berlin<br \/>\nDeutschland<br \/>\n&#x1f4e7; info@gastrokult.de<\/p>\n<ol start=\"2\">\n<li><strong> Erhebung und Speicherung personenbezogener Daten<\/strong><\/li>\n<\/ol>\n<p>Wir verarbeiten personenbezogene Daten nur, soweit dies zur Bereitstellung einer funktionsf\u00e4higen Website sowie unserer Inhalte und Leistungen erforderlich ist.<\/p>\n<p>Folgende Daten k\u00f6nnen dabei verarbeitet werden:<br \/>\n\u2022 Kontakt- und Reservierungsdaten (Name, E-Mail, Telefonnummer, Datum und Uhrzeit der Reservierung)<br \/>\n\u2022 Kommunikationsinhalte \u00fcber Kontakt- oder Reservierungsformulare<br \/>\n\u2022 Technische Daten (IP-Adresse, Browsertyp, Zugriffszeit, besuchte Seiten)<\/p>\n<ol start=\"3\">\n<li><strong> Zweck der Datenverarbeitung<\/strong><\/li>\n<\/ol>\n<p>Die Verarbeitung erfolgt zur:<br \/>\n\u2022 Bearbeitung von Reservierungen \u00fcber das <strong>TableKult-Reservierungssystem<\/strong><br \/>\n\u2022 Bearbeitung von Anfragen (z. B. per E-Mail oder Kontaktformular)<br \/>\n\u2022 Erf\u00fcllung gesetzlicher Verpflichtungen (z. B. Nachweispflichten)<br \/>\n\u2022 Verbesserung unseres Online-Angebots und der Nutzererfahrung<\/p>\n<ol start=\"4\">\n<li><strong> Weitergabe von Daten<\/strong><\/li>\n<\/ol>\n<p>Eine Weitergabe Ihrer Daten erfolgt nur, wenn dies zur Vertragserf\u00fcllung erforderlich ist (z. B. an IT-Dienstleister, Zahlungsdienstleister oder Buchhaltung) oder wenn eine gesetzliche Verpflichtung besteht.<\/p>\n<ol start=\"5\">\n<li><strong> Verwendung von Cookies<\/strong><\/li>\n<\/ol>\n<p>Unsere Website verwendet Cookies, um den Betrieb und die Funktionalit\u00e4t zu gew\u00e4hrleisten.<br \/>\nF\u00fcr technisch nicht notwendige Cookies (z. B. Analyse- oder Marketingzwecke) holen wir vorab Ihre ausdr\u00fcckliche Einwilligung \u00fcber ein Cookie-Banner ein.<br \/>\nSie k\u00f6nnen Ihre Zustimmung jederzeit widerrufen.<\/p>\n<ol start=\"6\">\n<li><strong> Datensicherheit<\/strong><\/li>\n<\/ol>\n<p>Unsere Website verwendet eine SSL-Verschl\u00fcsselung (Secure Socket Layer), um Ihre \u00fcbermittelten Daten bestm\u00f6glich zu sch\u00fctzen.<br \/>\nWir treffen technische und organisatorische Sicherheitsma\u00dfnahmen, um Ihre Daten gegen Verlust, Manipulation oder unbefugten Zugriff zu sichern.<br \/>\nUnsere Sicherheitsma\u00dfnahmen werden regelm\u00e4\u00dfig \u00fcberpr\u00fcft und dem Stand der Technik angepasst.<\/p>\n<ol start=\"7\">\n<li><strong> Rechte der betroffenen Personen<\/strong><\/li>\n<\/ol>\n<p>Sie haben folgende Rechte gem\u00e4\u00df DSGVO:<br \/>\n\u2022 Auskunft \u00fcber Ihre gespeicherten Daten (Art. 15 DSGVO)<br \/>\n\u2022 Berichtigung unrichtiger Daten (Art. 16 DSGVO)<br \/>\n\u2022 L\u00f6schung Ihrer Daten (Art. 17 DSGVO)<br \/>\n\u2022 Einschr\u00e4nkung der Verarbeitung (Art. 18 DSGVO)<br \/>\n\u2022 Widerspruch gegen die Verarbeitung (Art. 21 DSGVO)<br \/>\n\u2022 Daten\u00fcbertragbarkeit (Art. 20 DSGVO)<\/p>\n<p>F\u00fcr die Aus\u00fcbung Ihrer Rechte gen\u00fcgt eine formlose Mitteilung an info@gastrokult.de.<\/p>\n<ol start=\"8\">\n<li><strong> Externe Dienste und Verlinkungen<\/strong><\/li>\n<\/ol>\n<p>Die Website kann Links zu externen Websites oder Buchungssystemen (z. B. <strong>TableKult<\/strong>) enthalten.<br \/>\nF\u00fcr die Inhalte externer Anbieter \u00fcbernehmen wir keine Haftung.<br \/>\nBitte beachten Sie deren eigene Datenschutzerkl\u00e4rungen.<\/p>\n<ol start=\"9\">\n<li><strong> \u00c4nderungen dieser Datenschutzerkl\u00e4rung<\/strong><\/li>\n<\/ol>\n<p>Wir behalten uns das Recht vor, diese Datenschutzerkl\u00e4rung jederzeit anzupassen, um sie an ge\u00e4nderte Rechtslagen oder neue Dienste anzupassen.<br \/>\nDie aktuelle Version finden Sie stets auf unserer Website.<\/p>\n<p><strong>&#x1f37d;&#xfe0f;<\/strong><strong> Allgemeine Hinweise f\u00fcr G\u00e4ste und Nutzer des TableKult-Systems<\/strong><\/p>\n<ul>\n<li><strong>Reservierungen:<\/strong><br \/>\n\u00dcber die Plattform TableKult vorgenommene Reservierungen sind verbindlich.<br \/>\nKostenfreie Stornierungen sind bis zu <strong>2 Stunden vor dem Reservierungsbeginn<\/strong> m\u00f6glich.<br \/>\nBei Stornierungen unter 2 Stunden oder Nichterscheinen (\u201eNo-Show\u201c) kann eine <strong>Geb\u00fchr von 15 \u20ac pro Person<\/strong> erhoben werden.<\/li>\n<li><strong>Allergene und Zusatzstoffe:<\/strong><br \/>\nInformationen zu Allergenen und Zusatzstoffen k\u00f6nnen jederzeit beim Servicepersonal erfragt werden.<\/li>\n<li><strong>Barrierefreiheit:<\/strong><br \/>\nUnser Standort ist barrierefrei zug\u00e4nglich.<\/li>\n<\/ul>\n<p>&#x1f4c5; <strong>Stand:<\/strong> Oktober 2025<br \/>\n\u00a9 2025 Gastrokult GmbH \u2013 Dede Kebab &amp; Steak (Chicago Steak House)<\/p>\n<p><strong><span dir=\"auto\" style=\"vertical-align: inherit;\"><span dir=\"auto\" style=\"vertical-align: inherit;\">INFORMATION ACCORDING TO \u00a7 5 TMG:<\/span><\/span><\/strong><\/p>\n<p><span dir=\"auto\" style=\"vertical-align: inherit;\"><span dir=\"auto\" style=\"vertical-align: inherit;\">Gastrokult GmbH, commercial register number: HRB 96771 B<\/span><\/span><\/p>\n<p><span dir=\"auto\" style=\"vertical-align: inherit;\"><span dir=\"auto\" style=\"vertical-align: inherit;\">Wittenbergplatz 2, 10789 Berlin, telephone <\/span><\/span><a href=\"tel:\/\/+49 30 23624229\"><span dir=\"auto\" style=\"vertical-align: inherit;\"><span dir=\"auto\" style=\"vertical-align: inherit;\">+49 30 23624229<\/span><\/span><\/a><span dir=\"auto\" style=\"vertical-align: inherit;\"><span dir=\"auto\" style=\"vertical-align: inherit;\"> , fax +49 30 21 47 50 62<\/span><\/span><\/p>\n<p><span dir=\"auto\" style=\"vertical-align: inherit;\"><span dir=\"auto\" style=\"vertical-align: inherit;\">email info@gastrokult.de<\/span><\/span><\/p>\n<p><strong><span dir=\"auto\" style=\"vertical-align: inherit;\"><span dir=\"auto\" style=\"vertical-align: inherit;\">SOURCES FOR THE IMAGES AND GRAPHICS USED:<\/span><\/span><\/strong><\/p>\n<p><span dir=\"auto\" style=\"vertical-align: inherit;\"><span dir=\"auto\" style=\"vertical-align: inherit;\">Tarkan Kir <\/span><\/span><br \/>\n<span dir=\"auto\" style=\"vertical-align: inherit;\"><span dir=\"auto\" style=\"vertical-align: inherit;\">fotolia.de <\/span><\/span><br \/>\n<span dir=\"auto\" style=\"vertical-align: inherit;\"><span dir=\"auto\" style=\"vertical-align: inherit;\">pixgo.de <\/span><\/span><br \/>\n<span dir=\"auto\" style=\"vertical-align: inherit;\"><span dir=\"auto\" style=\"vertical-align: inherit;\">Please let us know if you would like specific information about the images. Thank you.<\/span><\/span><\/p>\n<p><span dir=\"auto\" style=\"vertical-align: inherit;\"><span dir=\"auto\" style=\"vertical-align: inherit;\">Source: <\/span><\/span><em><span dir=\"auto\" style=\"vertical-align: inherit;\"><span dir=\"auto\" style=\"vertical-align: inherit;\">Imprint generator, lawyer for <\/span><\/span><a href=\"http:\/\/www.e-recht24.de\/\"><span dir=\"auto\" style=\"vertical-align: inherit;\"><span dir=\"auto\" style=\"vertical-align: inherit;\">internet law<\/span><\/span><\/a><span dir=\"auto\" style=\"vertical-align: inherit;\"><span dir=\"auto\" style=\"vertical-align: inherit;\"> S\u00f6ren Siebert<\/span><\/span><\/em><\/p>\n<p><strong><span dir=\"auto\" style=\"vertical-align: inherit;\"><span dir=\"auto\" style=\"vertical-align: inherit;\">DISCLAIMER:<\/span><\/span><\/strong><\/p>\n<p><strong><span dir=\"auto\" style=\"vertical-align: inherit;\"><span dir=\"auto\" style=\"vertical-align: inherit;\">Privacy Policy for the use of Google Analytics<\/span><\/span><\/strong><\/p>\n<p><span dir=\"auto\" style=\"vertical-align: inherit;\"><span dir=\"auto\" style=\"vertical-align: inherit;\">This website uses Google Analytics, a web analysis service provided by Google Inc. (&#8222;Google&#8220;). Google Analytics uses &#8222;cookies&#8220;, which are text files placed on your computer, to help the website analyze how users use the site. The information generated by the cookie about your use of the website will be transferred to and stored by Google on servers in the United States. However, if IP anonymization is activated on this website, Google will shorten your IP address beforehand within member states of the European Union or other parties to the Agreement on the European Economic Area.<\/span><\/span><\/p>\n<p><span dir=\"auto\" style=\"vertical-align: inherit;\"><span dir=\"auto\" style=\"vertical-align: inherit;\">Only in exceptional cases will the full IP address be transmitted to a Google server in the USA and shortened there. On behalf of the operator of this website, Google will use this information to evaluate your use of the website, to compile reports on website activity, and to provide the website operator with other services related to website activity and internet usage. The IP address transmitted by your browser as part of Google Analytics will not be merged with other Google data.<\/span><\/span><\/p>\n<p><span dir=\"auto\" style=\"vertical-align: inherit;\"><span dir=\"auto\" style=\"vertical-align: inherit;\">You can prevent cookies from being saved by selecting the appropriate settings in your browser; however, please note that if you do this, you may not be able to use the full functionality of this website. Furthermore, you can prevent Google from collecting the data generated by the cookie and relating to your use of the website (including your IP address) and from processing this data by downloading and installing the browser plug-in available under the following link: <\/span><\/span><a href=\"http:\/\/tools.google.com\/dlpage\/gaoptout?hl=de\"><span dir=\"auto\" style=\"vertical-align: inherit;\"><span dir=\"auto\" style=\"vertical-align: inherit;\">http:\/\/tools.google.com\/dlpage\/gaoptout?hl=de<\/span><\/span><\/a><span dir=\"auto\" style=\"vertical-align: inherit;\"><span dir=\"auto\" style=\"vertical-align: inherit;\"> .<\/span><\/span><\/p>\n<p><strong><span dir=\"auto\" style=\"vertical-align: inherit;\"><span dir=\"auto\" style=\"vertical-align: inherit;\">Privacy Policy for the use of Google Adsense<\/span><\/span><\/strong><\/p>\n<p><span dir=\"auto\" style=\"vertical-align: inherit;\"><span dir=\"auto\" style=\"vertical-align: inherit;\">This website uses Google AdSense, an advertising service provided by Google Inc. (&#8222;Google&#8220;). Google AdSense uses &#8222;cookies,&#8220; which are text files placed on your computer, to help the website analyze how users use the site. Google AdSense also uses web beacons (invisible graphics). These web beacons allow the website to analyze information such as visitor traffic.<\/span><\/span><\/p>\n<p><span dir=\"auto\" style=\"vertical-align: inherit;\"><span dir=\"auto\" style=\"vertical-align: inherit;\">The information generated by cookies and web beacons regarding your use of this website (including your IP address) and the delivery of advertising formats is transmitted to a Google server in the USA and stored there. Google may also share this information with Google&#8217;s contractual partners. However, Google will not combine your IP address with any other data stored about you.<\/span><\/span><\/p>\n<p><span dir=\"auto\" style=\"vertical-align: inherit;\"><span dir=\"auto\" style=\"vertical-align: inherit;\">You may refuse the use of cookies by selecting the appropriate settings in your browser; however, please note that if you do this, you may not be able to use the full functionality of this website. By using this website, you consent to the processing of data about you by Google in the manner and for the purposes set out above.<\/span><\/span><\/p>\n<p><strong><span dir=\"auto\" style=\"vertical-align: inherit;\"><span dir=\"auto\" style=\"vertical-align: inherit;\">Note on protected brand names and logos:<\/span><\/span><\/strong><\/p>\n<p><span dir=\"auto\" style=\"vertical-align: inherit;\"><span dir=\"auto\" style=\"vertical-align: inherit;\">The use of protected brand names, trade names, utility models, and brand logos on this website does not constitute a copyright infringement, but serves as an illustrative reference. Even if they are not marked as such in the respective places, the corresponding legal provisions apply.<\/span><\/span><\/p>\n<p><span dir=\"auto\" style=\"vertical-align: inherit;\"><span dir=\"auto\" style=\"vertical-align: inherit;\">The brand names and logos used are the property of the manufacturers and are subject to their copyright regulations. For further information, please refer to the manufacturers&#8216; websites.<\/span><\/span><\/p>\n<p><em><span dir=\"auto\" style=\"vertical-align: inherit;\"><span dir=\"auto\" style=\"vertical-align: inherit;\">Sources: <\/span><\/span><a href=\"http:\/\/www.google.com\/intl\/de\/analytics\/privacyoverview.html\" target=\"_blank\" rel=\"noopener\"><span dir=\"auto\" style=\"vertical-align: inherit;\"><span dir=\"auto\" style=\"vertical-align: inherit;\">Privacy Policy for Google Analytics<\/span><\/span><\/a><span dir=\"auto\" style=\"vertical-align: inherit;\"><span dir=\"auto\" style=\"vertical-align: inherit;\"> , <\/span><\/span><a href=\"http:\/\/www.e-recht24.de\/artikel\/datenschutz\/6635-datenschutz-rechtliche-risiken-bei-der-nutzung-von-google-analytics-und-googleadsense.html\" target=\"_blank\" rel=\"noopener\"><span dir=\"auto\" style=\"vertical-align: inherit;\"><span dir=\"auto\" style=\"vertical-align: inherit;\">eRecht24 Privacy Policy Google Adsense<\/span><\/span><\/a><\/em><\/p>\n","protected":false},"excerpt":{"rendered":"<p>Impressum Angaben gem\u00e4\u00df \u00a7 5 TMG Dede Kebab &amp; Steak (Chicago Steak House) betrieben durch die Gastrokult GmbH Bayreuther Stra\u00dfe 35 10789 Berlin Deutschland &#x1f4de; Telefon: 030 4366 2421 &#x1f4e0; Telefax: 030 4366 2581 &#x2709;&#xfe0f; E-Mail: info@gastrokult.de Vertreten durch: Tamer Akkilic, Gesch\u00e4ftsf\u00fchrer Registereintrag: Eingetragen im Handelsregister. Registergericht: Amtsgericht Berlin-Charlottenburg Handelsregisternummer: HRB 96771 B Umsatzsteuer-Identifikationsnummer gem\u00e4\u00df [&hellip;]<\/p>\n","protected":false},"author":1,"featured_media":0,"parent":0,"menu_order":0,"comment_status":"closed","ping_status":"closed","template":"","meta":{"_et_pb_use_builder":"","_et_pb_old_content":"","_et_gb_content_width":"","footnotes":""},"class_list":["post-2113","page","type-page","status-publish","hentry"],"_links":{"self":[{"href":"https:\/\/chicagosteakhouse.de\/index.php?rest_route=\/wp\/v2\/pages\/2113","targetHints":{"allow":["GET"]}}],"collection":[{"href":"https:\/\/chicagosteakhouse.de\/index.php?rest_route=\/wp\/v2\/pages"}],"about":[{"href":"https:\/\/chicagosteakhouse.de\/index.php?rest_route=\/wp\/v2\/types\/page"}],"author":[{"embeddable":true,"href":"https:\/\/chicagosteakhouse.de\/index.php?rest_route=\/wp\/v2\/users\/1"}],"replies":[{"embeddable":true,"href":"https:\/\/chicagosteakhouse.de\/index.php?rest_route=%2Fwp%2Fv2%2Fcomments&post=2113"}],"version-history":[{"count":6,"href":"https:\/\/chicagosteakhouse.de\/index.php?rest_route=\/wp\/v2\/pages\/2113\/revisions"}],"predecessor-version":[{"id":2595,"href":"https:\/\/chicagosteakhouse.de\/index.php?rest_route=\/wp\/v2\/pages\/2113\/revisions\/2595"}],"wp:attachment":[{"href":"https:\/\/chicagosteakhouse.de\/index.php?rest_route=%2Fwp%2Fv2%2Fmedia&parent=2113"}],"curies":[{"name":"wp","href":"https:\/\/api.w.org\/{rel}","templated":true}]}}